{"id":1611,"date":"2024-03-17T19:51:47","date_gmt":"2024-03-17T22:51:47","guid":{"rendered":"https:\/\/masquecontable.com\/?post_type=product&#038;p=1611"},"modified":"2026-03-16T17:18:14","modified_gmt":"2026-03-16T20:18:14","slug":"servicio-administrativo-de-facturacion","status":"publish","type":"product","link":"https:\/\/masquecontable.com\/en\/product\/servicio-administrativo-de-facturacion\/","title":{"rendered":"Servicio Administrativo de Facturaci\u00f3n"},"content":{"rendered":"<div class=\"elementor-element elementor-element-3a965094 elementor-widget elementor-widget-heading animated fadeInRight\" data-id=\"3a965094\" data-element_type=\"widget\" data-settings=\"{&quot;_animation&quot;:&quot;fadeInRight&quot;}\" data-widget_type=\"heading.default\">\n<div class=\"elementor-widget-container\">\n<h2 class=\"elementor-heading-title elementor-size-default\">Deja la gesti\u00f3n de tus facturas en manos expertas.<\/h2>\n<\/div>\n<\/div>\n<div class=\"elementor-element elementor-element-284e427f elementor-widget elementor-widget-text-editor\" data-id=\"284e427f\" data-element_type=\"widget\" data-widget_type=\"text-editor.default\">\n<div class=\"elementor-widget-container\">\n<p>Nuestro Servicio Administrativo de Facturaci\u00f3n te brinda precisi\u00f3n y eficiencia\u00a0<strong>para que puedas enfocarte en lo que realmente importa: hacer crecer tu negocio.<\/strong><\/p>\n<\/div>\n<\/div>","protected":false},"excerpt":{"rendered":"<div class=\"elementor-element elementor-element-3a965094 elementor-widget elementor-widget-heading animated fadeInRight\" data-id=\"3a965094\" data-element_type=\"widget\" data-settings=\"{&quot;_animation&quot;:&quot;fadeInRight&quot;}\" data-widget_type=\"heading.default\">\n<div class=\"elementor-widget-container\">\n<h2 class=\"elementor-heading-title elementor-size-default\">Deja la gesti\u00f3n de tus facturas en manos expertas.<\/h2>\n<\/div>\n<\/div>\n<div class=\"elementor-element elementor-element-284e427f elementor-widget elementor-widget-text-editor\" data-id=\"284e427f\" data-element_type=\"widget\" data-widget_type=\"text-editor.default\">\n<div class=\"elementor-widget-container\">\n<p>Nuestro Servicio Administrativo de Facturaci\u00f3n te brinda precisi\u00f3n y eficiencia\u00a0<strong>para que puedas enfocarte en lo que realmente importa: hacer crecer tu negocio.<\/strong><\/p>\n<\/div>\n<\/div>","protected":false},"featured_media":999,"comment_status":"closed","ping_status":"closed","template":"","meta":[],"product_brand":[],"product_cat":[37,36],"product_tag":[],"class_list":{"0":"post-1611","1":"product","2":"type-product","3":"status-publish","4":"has-post-thumbnail","6":"product_cat-servicios","7":"product_cat-sin-categorizar","9":"first","10":"instock","11":"taxable","12":"shipping-taxable","13":"purchasable","14":"product-type-variable","15":"has-default-attributes"},"yoast_head":"<!-- This site is optimized with the Yoast SEO plugin v27.4 - https:\/\/yoast.com\/product\/yoast-seo-wordpress\/ -->\n<title>Servicio Administrativo de Facturaci\u00f3n - M\u00e1s que Contable<\/title>\n<meta name=\"robots\" content=\"index, follow, max-snippet:-1, max-image-preview:large, max-video-preview:-1\" \/>\n<link rel=\"canonical\" href=\"https:\/\/masquecontable.com\/en\/producto\/servicio-administrativo-de-facturacion\/\" \/>\n<meta property=\"og:locale\" content=\"en_US\" \/>\n<meta property=\"og:type\" content=\"article\" \/>\n<meta property=\"og:title\" content=\"Servicio Administrativo de Facturaci\u00f3n - M\u00e1s que Contable\" \/>\n<meta property=\"og:description\" content=\"Deja la gesti\u00f3n de tus facturas en manos expertas.      Nuestro Servicio Administrativo de Facturaci\u00f3n te brinda precisi\u00f3n y eficiencia\u00a0para que puedas enfocarte en lo que realmente importa: hacer crecer tu negocio.\" \/>\n<meta property=\"og:url\" content=\"https:\/\/masquecontable.com\/en\/producto\/servicio-administrativo-de-facturacion\/\" \/>\n<meta property=\"og:site_name\" content=\"M\u00e1s que Contable\" \/>\n<meta property=\"article:publisher\" content=\"https:\/\/www.facebook.com\/masquecontable\/\" \/>\n<meta property=\"article:modified_time\" content=\"2026-03-16T20:18:14+00:00\" \/>\n<meta property=\"og:image\" content=\"https:\/\/masquecontable.com\/wp-content\/uploads\/2023\/11\/SMM-\u0428\u041f\u0410\u0420\u0413\u0410\u041b\u041a\u0410.jpeg\" \/>\n\t<meta property=\"og:image:width\" content=\"736\" \/>\n\t<meta property=\"og:image:height\" content=\"1104\" \/>\n\t<meta property=\"og:image:type\" content=\"image\/jpeg\" \/>\n<meta name=\"twitter:card\" content=\"summary_large_image\" \/>\n<meta name=\"twitter:label1\" content=\"Est. reading time\" \/>\n\t<meta name=\"twitter:data1\" content=\"1 minute\" \/>\n<script type=\"application\/ld+json\" class=\"yoast-schema-graph\">{\"@context\":\"https:\\\/\\\/schema.org\",\"@graph\":[{\"@type\":\"WebPage\",\"@id\":\"https:\\\/\\\/masquecontable.com\\\/producto\\\/servicio-administrativo-de-facturacion\\\/\",\"url\":\"https:\\\/\\\/masquecontable.com\\\/producto\\\/servicio-administrativo-de-facturacion\\\/\",\"name\":\"Servicio Administrativo de Facturaci\u00f3n - M\u00e1s que Contable\",\"isPartOf\":{\"@id\":\"https:\\\/\\\/masquecontable.com\\\/#website\"},\"primaryImageOfPage\":{\"@id\":\"https:\\\/\\\/masquecontable.com\\\/producto\\\/servicio-administrativo-de-facturacion\\\/#primaryimage\"},\"image\":{\"@id\":\"https:\\\/\\\/masquecontable.com\\\/producto\\\/servicio-administrativo-de-facturacion\\\/#primaryimage\"},\"thumbnailUrl\":\"https:\\\/\\\/masquecontable.com\\\/wp-content\\\/uploads\\\/2023\\\/11\\\/SMM-\u0428\u041f\u0410\u0420\u0413\u0410\u041b\u041a\u0410.jpeg\",\"datePublished\":\"2024-03-17T22:51:47+00:00\",\"dateModified\":\"2026-03-16T20:18:14+00:00\",\"breadcrumb\":{\"@id\":\"https:\\\/\\\/masquecontable.com\\\/producto\\\/servicio-administrativo-de-facturacion\\\/#breadcrumb\"},\"inLanguage\":\"en-US\",\"potentialAction\":[{\"@type\":\"ReadAction\",\"target\":[\"https:\\\/\\\/masquecontable.com\\\/producto\\\/servicio-administrativo-de-facturacion\\\/\"]}]},{\"@type\":\"ImageObject\",\"inLanguage\":\"en-US\",\"@id\":\"https:\\\/\\\/masquecontable.com\\\/producto\\\/servicio-administrativo-de-facturacion\\\/#primaryimage\",\"url\":\"https:\\\/\\\/masquecontable.com\\\/wp-content\\\/uploads\\\/2023\\\/11\\\/SMM-\u0428\u041f\u0410\u0420\u0413\u0410\u041b\u041a\u0410.jpeg\",\"contentUrl\":\"https:\\\/\\\/masquecontable.com\\\/wp-content\\\/uploads\\\/2023\\\/11\\\/SMM-\u0428\u041f\u0410\u0420\u0413\u0410\u041b\u041a\u0410.jpeg\",\"width\":736,\"height\":1104},{\"@type\":\"BreadcrumbList\",\"@id\":\"https:\\\/\\\/masquecontable.com\\\/producto\\\/servicio-administrativo-de-facturacion\\\/#breadcrumb\",\"itemListElement\":[{\"@type\":\"ListItem\",\"position\":1,\"name\":\"Inicio\",\"item\":\"https:\\\/\\\/masquecontable.com\\\/\"},{\"@type\":\"ListItem\",\"position\":2,\"name\":\"Contratar\",\"item\":\"https:\\\/\\\/masquecontable.com\\\/contratar\\\/\"},{\"@type\":\"ListItem\",\"position\":3,\"name\":\"Servicio Administrativo de Facturaci\u00f3n\"}]},{\"@type\":\"WebSite\",\"@id\":\"https:\\\/\\\/masquecontable.com\\\/#website\",\"url\":\"https:\\\/\\\/masquecontable.com\\\/\",\"name\":\"M\u00e1s que Contable\",\"description\":\"Contadora de emprendedores\",\"publisher\":{\"@id\":\"https:\\\/\\\/masquecontable.com\\\/#organization\"},\"potentialAction\":[{\"@type\":\"SearchAction\",\"target\":{\"@type\":\"EntryPoint\",\"urlTemplate\":\"https:\\\/\\\/masquecontable.com\\\/?s={search_term_string}\"},\"query-input\":{\"@type\":\"PropertyValueSpecification\",\"valueRequired\":true,\"valueName\":\"search_term_string\"}}],\"inLanguage\":\"en-US\"},{\"@type\":\"Organization\",\"@id\":\"https:\\\/\\\/masquecontable.com\\\/#organization\",\"name\":\"M\u00e1s que Contable\",\"url\":\"https:\\\/\\\/masquecontable.com\\\/\",\"logo\":{\"@type\":\"ImageObject\",\"inLanguage\":\"en-US\",\"@id\":\"https:\\\/\\\/masquecontable.com\\\/#\\\/schema\\\/logo\\\/image\\\/\",\"url\":\"https:\\\/\\\/i0.wp.com\\\/masquecontable.com\\\/wp-content\\\/uploads\\\/2020\\\/03\\\/03-MARCA-FONDO-BLANCO.jpg?fit=887%2C887&ssl=1\",\"contentUrl\":\"https:\\\/\\\/i0.wp.com\\\/masquecontable.com\\\/wp-content\\\/uploads\\\/2020\\\/03\\\/03-MARCA-FONDO-BLANCO.jpg?fit=887%2C887&ssl=1\",\"width\":887,\"height\":887,\"caption\":\"M\u00e1s que Contable\"},\"image\":{\"@id\":\"https:\\\/\\\/masquecontable.com\\\/#\\\/schema\\\/logo\\\/image\\\/\"},\"sameAs\":[\"https:\\\/\\\/www.facebook.com\\\/masquecontable\\\/\",\"https:\\\/\\\/www.instagram.com\\\/masquecontable\\\/\",\"https:\\\/\\\/www.linkedin.com\\\/in\\\/coriamicaelaailin\\\/\",\"https:\\\/\\\/www.youtube.com\\\/channel\\\/UCYppekzzE4vmUeLhl8w48IQ?view_as=subscriber\"]}]}<\/script>\n<!-- \/ Yoast SEO plugin. -->","yoast_head_json":{"title":"Servicio Administrativo de Facturaci\u00f3n - M\u00e1s que Contable","robots":{"index":"index","follow":"follow","max-snippet":"max-snippet:-1","max-image-preview":"max-image-preview:large","max-video-preview":"max-video-preview:-1"},"canonical":"https:\/\/masquecontable.com\/en\/producto\/servicio-administrativo-de-facturacion\/","og_locale":"en_US","og_type":"article","og_title":"Servicio Administrativo de Facturaci\u00f3n - M\u00e1s que Contable","og_description":"Deja la gesti\u00f3n de tus facturas en manos expertas.      Nuestro Servicio Administrativo de Facturaci\u00f3n te brinda precisi\u00f3n y eficiencia\u00a0para que puedas enfocarte en lo que realmente importa: hacer crecer tu negocio.","og_url":"https:\/\/masquecontable.com\/en\/producto\/servicio-administrativo-de-facturacion\/","og_site_name":"M\u00e1s que Contable","article_publisher":"https:\/\/www.facebook.com\/masquecontable\/","article_modified_time":"2026-03-16T20:18:14+00:00","og_image":[{"width":736,"height":1104,"url":"https:\/\/masquecontable.com\/wp-content\/uploads\/2023\/11\/SMM-\u0428\u041f\u0410\u0420\u0413\u0410\u041b\u041a\u0410.jpeg","type":"image\/jpeg"}],"twitter_card":"summary_large_image","twitter_misc":{"Est. reading time":"1 minute"},"schema":{"@context":"https:\/\/schema.org","@graph":[{"@type":"WebPage","@id":"https:\/\/masquecontable.com\/producto\/servicio-administrativo-de-facturacion\/","url":"https:\/\/masquecontable.com\/producto\/servicio-administrativo-de-facturacion\/","name":"Servicio Administrativo de Facturaci\u00f3n - M\u00e1s que Contable","isPartOf":{"@id":"https:\/\/masquecontable.com\/#website"},"primaryImageOfPage":{"@id":"https:\/\/masquecontable.com\/producto\/servicio-administrativo-de-facturacion\/#primaryimage"},"image":{"@id":"https:\/\/masquecontable.com\/producto\/servicio-administrativo-de-facturacion\/#primaryimage"},"thumbnailUrl":"https:\/\/masquecontable.com\/wp-content\/uploads\/2023\/11\/SMM-\u0428\u041f\u0410\u0420\u0413\u0410\u041b\u041a\u0410.jpeg","datePublished":"2024-03-17T22:51:47+00:00","dateModified":"2026-03-16T20:18:14+00:00","breadcrumb":{"@id":"https:\/\/masquecontable.com\/producto\/servicio-administrativo-de-facturacion\/#breadcrumb"},"inLanguage":"en-US","potentialAction":[{"@type":"ReadAction","target":["https:\/\/masquecontable.com\/producto\/servicio-administrativo-de-facturacion\/"]}]},{"@type":"ImageObject","inLanguage":"en-US","@id":"https:\/\/masquecontable.com\/producto\/servicio-administrativo-de-facturacion\/#primaryimage","url":"https:\/\/masquecontable.com\/wp-content\/uploads\/2023\/11\/SMM-\u0428\u041f\u0410\u0420\u0413\u0410\u041b\u041a\u0410.jpeg","contentUrl":"https:\/\/masquecontable.com\/wp-content\/uploads\/2023\/11\/SMM-\u0428\u041f\u0410\u0420\u0413\u0410\u041b\u041a\u0410.jpeg","width":736,"height":1104},{"@type":"BreadcrumbList","@id":"https:\/\/masquecontable.com\/producto\/servicio-administrativo-de-facturacion\/#breadcrumb","itemListElement":[{"@type":"ListItem","position":1,"name":"Inicio","item":"https:\/\/masquecontable.com\/"},{"@type":"ListItem","position":2,"name":"Contratar","item":"https:\/\/masquecontable.com\/contratar\/"},{"@type":"ListItem","position":3,"name":"Servicio Administrativo de Facturaci\u00f3n"}]},{"@type":"WebSite","@id":"https:\/\/masquecontable.com\/#website","url":"https:\/\/masquecontable.com\/","name":"M\u00e1s que Contable","description":"Contadora de emprendedores","publisher":{"@id":"https:\/\/masquecontable.com\/#organization"},"potentialAction":[{"@type":"SearchAction","target":{"@type":"EntryPoint","urlTemplate":"https:\/\/masquecontable.com\/?s={search_term_string}"},"query-input":{"@type":"PropertyValueSpecification","valueRequired":true,"valueName":"search_term_string"}}],"inLanguage":"en-US"},{"@type":"Organization","@id":"https:\/\/masquecontable.com\/#organization","name":"M\u00e1s que Contable","url":"https:\/\/masquecontable.com\/","logo":{"@type":"ImageObject","inLanguage":"en-US","@id":"https:\/\/masquecontable.com\/#\/schema\/logo\/image\/","url":"https:\/\/i0.wp.com\/masquecontable.com\/wp-content\/uploads\/2020\/03\/03-MARCA-FONDO-BLANCO.jpg?fit=887%2C887&ssl=1","contentUrl":"https:\/\/i0.wp.com\/masquecontable.com\/wp-content\/uploads\/2020\/03\/03-MARCA-FONDO-BLANCO.jpg?fit=887%2C887&ssl=1","width":887,"height":887,"caption":"M\u00e1s que Contable"},"image":{"@id":"https:\/\/masquecontable.com\/#\/schema\/logo\/image\/"},"sameAs":["https:\/\/www.facebook.com\/masquecontable\/","https:\/\/www.instagram.com\/masquecontable\/","https:\/\/www.linkedin.com\/in\/coriamicaelaailin\/","https:\/\/www.youtube.com\/channel\/UCYppekzzE4vmUeLhl8w48IQ?view_as=subscriber"]}]}},"_links":{"self":[{"href":"https:\/\/masquecontable.com\/en\/wp-json\/wp\/v2\/product\/1611","targetHints":{"allow":["GET"]}}],"collection":[{"href":"https:\/\/masquecontable.com\/en\/wp-json\/wp\/v2\/product"}],"about":[{"href":"https:\/\/masquecontable.com\/en\/wp-json\/wp\/v2\/types\/product"}],"replies":[{"embeddable":true,"href":"https:\/\/masquecontable.com\/en\/wp-json\/wp\/v2\/comments?post=1611"}],"wp:featuredmedia":[{"embeddable":true,"href":"https:\/\/masquecontable.com\/en\/wp-json\/wp\/v2\/media\/999"}],"wp:attachment":[{"href":"https:\/\/masquecontable.com\/en\/wp-json\/wp\/v2\/media?parent=1611"}],"wp:term":[{"taxonomy":"product_brand","embeddable":true,"href":"https:\/\/masquecontable.com\/en\/wp-json\/wp\/v2\/product_brand?post=1611"},{"taxonomy":"product_cat","embeddable":true,"href":"https:\/\/masquecontable.com\/en\/wp-json\/wp\/v2\/product_cat?post=1611"},{"taxonomy":"product_tag","embeddable":true,"href":"https:\/\/masquecontable.com\/en\/wp-json\/wp\/v2\/product_tag?post=1611"}],"curies":[{"name":"wp","href":"https:\/\/api.w.org\/{rel}","templated":true}]}}