{"id":1582,"date":"2024-02-17T16:05:06","date_gmt":"2024-02-17T19:05:06","guid":{"rendered":"https:\/\/masquecontable.com\/?post_type=product&#038;p=1582"},"modified":"2026-03-16T17:18:14","modified_gmt":"2026-03-16T20:18:14","slug":"consultoria","status":"publish","type":"product","link":"https:\/\/masquecontable.com\/en\/product\/consultoria\/","title":{"rendered":"Consultor\u00eda Tus N\u00fameros en Orden"},"content":{"rendered":"<p><img decoding=\"async\" class=\"emoji\" role=\"img\" draggable=\"false\" src=\"https:\/\/s.w.org\/images\/core\/emoji\/14.0.0\/svg\/1f91d.svg\" alt=\"\ud83e\udd1d\" \/>\u00a0Nuestras asesor\u00edas personalizadas est\u00e1n dise\u00f1adas para abordar tus inquietudes y proporcionarte\u00a0<strong>soluciones concretas.<\/strong><br \/>\nTrabajaremos codo a codo para entender tus desaf\u00edos y encontrar juntos las respuestas que necesitas.<\/p>\n<p>&nbsp;<\/p>\n<p>Abonada la contrataci\u00f3n, recibir\u00e1s por mail el link de diagn\u00f3sitco inicial y luego del calendario para agendar tu encuentro. \ud83d\udcc6<\/p>","protected":false},"excerpt":{"rendered":"<p><img decoding=\"async\" class=\"emoji\" role=\"img\" draggable=\"false\" src=\"https:\/\/s.w.org\/images\/core\/emoji\/14.0.0\/svg\/1f91d.svg\" alt=\"\ud83e\udd1d\" \/>\u00a0Nuestras asesor\u00edas personalizadas est\u00e1n dise\u00f1adas para abordar tus inquietudes y proporcionarte\u00a0<strong>soluciones concretas.<\/strong><br \/>\nTrabajaremos codo a codo para entender tus desaf\u00edos y encontrar juntos las respuestas que necesitas.<\/p>\n<p>Abonada la contrataci\u00f3n, <em><strong>recibir\u00e1s por mail el link de la encuesta de diagn\u00f3stico inicial y luego el link del calendario para agendar tu encuentro.<\/strong><\/em> \ud83d\udcc6<\/p>","protected":false},"featured_media":1041,"comment_status":"open","ping_status":"closed","template":"","meta":[],"product_brand":[],"product_cat":[39],"product_tag":[],"class_list":{"0":"post-1582","1":"product","2":"type-product","3":"status-publish","4":"has-post-thumbnail","6":"product_cat-asesoramiento","8":"first","9":"instock","10":"downloadable","11":"virtual","12":"taxable","13":"purchasable","14":"product-type-simple"},"yoast_head":"<!-- This site is optimized with the Yoast SEO plugin v27.5 - https:\/\/yoast.com\/product\/yoast-seo-wordpress\/ -->\n<title>Consultor\u00eda Tus N\u00fameros en Orden - M\u00e1s que Contable<\/title>\n<meta name=\"robots\" content=\"index, follow, max-snippet:-1, max-image-preview:large, max-video-preview:-1\" \/>\n<link rel=\"canonical\" href=\"https:\/\/masquecontable.com\/en\/product\/consultoria\/\" \/>\n<meta property=\"og:locale\" content=\"en_US\" \/>\n<meta property=\"og:type\" content=\"article\" \/>\n<meta property=\"og:title\" content=\"Consultor\u00eda Tus N\u00fameros en Orden - M\u00e1s que Contable\" \/>\n<meta property=\"og:description\" content=\"\u00a0Nuestras asesor\u00edas personalizadas est\u00e1n dise\u00f1adas para abordar tus inquietudes y proporcionarte\u00a0soluciones concretas. Trabajaremos codo a codo para entender tus desaf\u00edos y encontrar juntos las respuestas que necesitas.  Abonada la contrataci\u00f3n, recibir\u00e1s por mail el link de la encuesta de diagn\u00f3stico inicial y luego el link del calendario para agendar tu encuentro. \ud83d\udcc6\" \/>\n<meta property=\"og:url\" content=\"https:\/\/masquecontable.com\/en\/product\/consultoria\/\" \/>\n<meta property=\"og:site_name\" content=\"M\u00e1s que Contable\" \/>\n<meta property=\"article:publisher\" content=\"https:\/\/www.facebook.com\/masquecontable\/\" \/>\n<meta property=\"article:modified_time\" content=\"2026-03-16T20:18:14+00:00\" \/>\n<meta property=\"og:image\" content=\"https:\/\/masquecontable.com\/wp-content\/uploads\/2023\/11\/Why-Should-You-Have-An-Accountant-For-Your-Small-Business_.jpeg\" \/>\n\t<meta property=\"og:image:width\" content=\"736\" \/>\n\t<meta property=\"og:image:height\" content=\"736\" \/>\n\t<meta property=\"og:image:type\" content=\"image\/jpeg\" \/>\n<meta name=\"twitter:card\" content=\"summary_large_image\" \/>\n<meta name=\"twitter:label1\" content=\"Est. reading time\" \/>\n\t<meta name=\"twitter:data1\" content=\"1 minute\" \/>\n<script type=\"application\/ld+json\" class=\"yoast-schema-graph\">{\"@context\":\"https:\\\/\\\/schema.org\",\"@graph\":[{\"@type\":\"WebPage\",\"@id\":\"https:\\\/\\\/masquecontable.com\\\/producto\\\/consultoria\\\/\",\"url\":\"https:\\\/\\\/masquecontable.com\\\/producto\\\/consultoria\\\/\",\"name\":\"Consultor\u00eda Tus N\u00fameros en Orden - M\u00e1s que Contable\",\"isPartOf\":{\"@id\":\"https:\\\/\\\/masquecontable.com\\\/#website\"},\"primaryImageOfPage\":{\"@id\":\"https:\\\/\\\/masquecontable.com\\\/producto\\\/consultoria\\\/#primaryimage\"},\"image\":{\"@id\":\"https:\\\/\\\/masquecontable.com\\\/producto\\\/consultoria\\\/#primaryimage\"},\"thumbnailUrl\":\"https:\\\/\\\/masquecontable.com\\\/wp-content\\\/uploads\\\/2023\\\/11\\\/Why-Should-You-Have-An-Accountant-For-Your-Small-Business_.jpeg\",\"datePublished\":\"2024-02-17T19:05:06+00:00\",\"dateModified\":\"2026-03-16T20:18:14+00:00\",\"breadcrumb\":{\"@id\":\"https:\\\/\\\/masquecontable.com\\\/producto\\\/consultoria\\\/#breadcrumb\"},\"inLanguage\":\"en-US\",\"potentialAction\":[{\"@type\":\"ReadAction\",\"target\":[\"https:\\\/\\\/masquecontable.com\\\/producto\\\/consultoria\\\/\"]}]},{\"@type\":\"ImageObject\",\"inLanguage\":\"en-US\",\"@id\":\"https:\\\/\\\/masquecontable.com\\\/producto\\\/consultoria\\\/#primaryimage\",\"url\":\"https:\\\/\\\/masquecontable.com\\\/wp-content\\\/uploads\\\/2023\\\/11\\\/Why-Should-You-Have-An-Accountant-For-Your-Small-Business_.jpeg\",\"contentUrl\":\"https:\\\/\\\/masquecontable.com\\\/wp-content\\\/uploads\\\/2023\\\/11\\\/Why-Should-You-Have-An-Accountant-For-Your-Small-Business_.jpeg\",\"width\":736,\"height\":736},{\"@type\":\"BreadcrumbList\",\"@id\":\"https:\\\/\\\/masquecontable.com\\\/producto\\\/consultoria\\\/#breadcrumb\",\"itemListElement\":[{\"@type\":\"ListItem\",\"position\":1,\"name\":\"Inicio\",\"item\":\"https:\\\/\\\/masquecontable.com\\\/\"},{\"@type\":\"ListItem\",\"position\":2,\"name\":\"Contratar\",\"item\":\"https:\\\/\\\/masquecontable.com\\\/contratar\\\/\"},{\"@type\":\"ListItem\",\"position\":3,\"name\":\"Consultor\u00eda Tus N\u00fameros en Orden\"}]},{\"@type\":\"WebSite\",\"@id\":\"https:\\\/\\\/masquecontable.com\\\/#website\",\"url\":\"https:\\\/\\\/masquecontable.com\\\/\",\"name\":\"M\u00e1s que Contable\",\"description\":\"Contadora de emprendedores\",\"publisher\":{\"@id\":\"https:\\\/\\\/masquecontable.com\\\/#organization\"},\"potentialAction\":[{\"@type\":\"SearchAction\",\"target\":{\"@type\":\"EntryPoint\",\"urlTemplate\":\"https:\\\/\\\/masquecontable.com\\\/?s={search_term_string}\"},\"query-input\":{\"@type\":\"PropertyValueSpecification\",\"valueRequired\":true,\"valueName\":\"search_term_string\"}}],\"inLanguage\":\"en-US\"},{\"@type\":\"Organization\",\"@id\":\"https:\\\/\\\/masquecontable.com\\\/#organization\",\"name\":\"M\u00e1s que Contable\",\"url\":\"https:\\\/\\\/masquecontable.com\\\/\",\"logo\":{\"@type\":\"ImageObject\",\"inLanguage\":\"en-US\",\"@id\":\"https:\\\/\\\/masquecontable.com\\\/#\\\/schema\\\/logo\\\/image\\\/\",\"url\":\"https:\\\/\\\/i0.wp.com\\\/masquecontable.com\\\/wp-content\\\/uploads\\\/2020\\\/03\\\/03-MARCA-FONDO-BLANCO.jpg?fit=887%2C887&ssl=1\",\"contentUrl\":\"https:\\\/\\\/i0.wp.com\\\/masquecontable.com\\\/wp-content\\\/uploads\\\/2020\\\/03\\\/03-MARCA-FONDO-BLANCO.jpg?fit=887%2C887&ssl=1\",\"width\":887,\"height\":887,\"caption\":\"M\u00e1s que Contable\"},\"image\":{\"@id\":\"https:\\\/\\\/masquecontable.com\\\/#\\\/schema\\\/logo\\\/image\\\/\"},\"sameAs\":[\"https:\\\/\\\/www.facebook.com\\\/masquecontable\\\/\",\"https:\\\/\\\/www.instagram.com\\\/masquecontable\\\/\",\"https:\\\/\\\/www.linkedin.com\\\/in\\\/coriamicaelaailin\\\/\",\"https:\\\/\\\/www.youtube.com\\\/channel\\\/UCYppekzzE4vmUeLhl8w48IQ?view_as=subscriber\"]}]}<\/script>\n<!-- \/ Yoast SEO plugin. -->","yoast_head_json":{"title":"Consultor\u00eda Tus N\u00fameros en Orden - M\u00e1s que Contable","robots":{"index":"index","follow":"follow","max-snippet":"max-snippet:-1","max-image-preview":"max-image-preview:large","max-video-preview":"max-video-preview:-1"},"canonical":"https:\/\/masquecontable.com\/en\/product\/consultoria\/","og_locale":"en_US","og_type":"article","og_title":"Consultor\u00eda Tus N\u00fameros en Orden - M\u00e1s que Contable","og_description":"\u00a0Nuestras asesor\u00edas personalizadas est\u00e1n dise\u00f1adas para abordar tus inquietudes y proporcionarte\u00a0soluciones concretas. Trabajaremos codo a codo para entender tus desaf\u00edos y encontrar juntos las respuestas que necesitas.  Abonada la contrataci\u00f3n, recibir\u00e1s por mail el link de la encuesta de diagn\u00f3stico inicial y luego el link del calendario para agendar tu encuentro. \ud83d\udcc6","og_url":"https:\/\/masquecontable.com\/en\/product\/consultoria\/","og_site_name":"M\u00e1s que Contable","article_publisher":"https:\/\/www.facebook.com\/masquecontable\/","article_modified_time":"2026-03-16T20:18:14+00:00","og_image":[{"width":736,"height":736,"url":"https:\/\/masquecontable.com\/wp-content\/uploads\/2023\/11\/Why-Should-You-Have-An-Accountant-For-Your-Small-Business_.jpeg","type":"image\/jpeg"}],"twitter_card":"summary_large_image","twitter_misc":{"Est. reading time":"1 minute"},"schema":{"@context":"https:\/\/schema.org","@graph":[{"@type":"WebPage","@id":"https:\/\/masquecontable.com\/producto\/consultoria\/","url":"https:\/\/masquecontable.com\/producto\/consultoria\/","name":"Consultor\u00eda Tus N\u00fameros en Orden - M\u00e1s que Contable","isPartOf":{"@id":"https:\/\/masquecontable.com\/#website"},"primaryImageOfPage":{"@id":"https:\/\/masquecontable.com\/producto\/consultoria\/#primaryimage"},"image":{"@id":"https:\/\/masquecontable.com\/producto\/consultoria\/#primaryimage"},"thumbnailUrl":"https:\/\/masquecontable.com\/wp-content\/uploads\/2023\/11\/Why-Should-You-Have-An-Accountant-For-Your-Small-Business_.jpeg","datePublished":"2024-02-17T19:05:06+00:00","dateModified":"2026-03-16T20:18:14+00:00","breadcrumb":{"@id":"https:\/\/masquecontable.com\/producto\/consultoria\/#breadcrumb"},"inLanguage":"en-US","potentialAction":[{"@type":"ReadAction","target":["https:\/\/masquecontable.com\/producto\/consultoria\/"]}]},{"@type":"ImageObject","inLanguage":"en-US","@id":"https:\/\/masquecontable.com\/producto\/consultoria\/#primaryimage","url":"https:\/\/masquecontable.com\/wp-content\/uploads\/2023\/11\/Why-Should-You-Have-An-Accountant-For-Your-Small-Business_.jpeg","contentUrl":"https:\/\/masquecontable.com\/wp-content\/uploads\/2023\/11\/Why-Should-You-Have-An-Accountant-For-Your-Small-Business_.jpeg","width":736,"height":736},{"@type":"BreadcrumbList","@id":"https:\/\/masquecontable.com\/producto\/consultoria\/#breadcrumb","itemListElement":[{"@type":"ListItem","position":1,"name":"Inicio","item":"https:\/\/masquecontable.com\/"},{"@type":"ListItem","position":2,"name":"Contratar","item":"https:\/\/masquecontable.com\/contratar\/"},{"@type":"ListItem","position":3,"name":"Consultor\u00eda Tus N\u00fameros en Orden"}]},{"@type":"WebSite","@id":"https:\/\/masquecontable.com\/#website","url":"https:\/\/masquecontable.com\/","name":"M\u00e1s que Contable","description":"Contadora de emprendedores","publisher":{"@id":"https:\/\/masquecontable.com\/#organization"},"potentialAction":[{"@type":"SearchAction","target":{"@type":"EntryPoint","urlTemplate":"https:\/\/masquecontable.com\/?s={search_term_string}"},"query-input":{"@type":"PropertyValueSpecification","valueRequired":true,"valueName":"search_term_string"}}],"inLanguage":"en-US"},{"@type":"Organization","@id":"https:\/\/masquecontable.com\/#organization","name":"M\u00e1s que Contable","url":"https:\/\/masquecontable.com\/","logo":{"@type":"ImageObject","inLanguage":"en-US","@id":"https:\/\/masquecontable.com\/#\/schema\/logo\/image\/","url":"https:\/\/i0.wp.com\/masquecontable.com\/wp-content\/uploads\/2020\/03\/03-MARCA-FONDO-BLANCO.jpg?fit=887%2C887&ssl=1","contentUrl":"https:\/\/i0.wp.com\/masquecontable.com\/wp-content\/uploads\/2020\/03\/03-MARCA-FONDO-BLANCO.jpg?fit=887%2C887&ssl=1","width":887,"height":887,"caption":"M\u00e1s que Contable"},"image":{"@id":"https:\/\/masquecontable.com\/#\/schema\/logo\/image\/"},"sameAs":["https:\/\/www.facebook.com\/masquecontable\/","https:\/\/www.instagram.com\/masquecontable\/","https:\/\/www.linkedin.com\/in\/coriamicaelaailin\/","https:\/\/www.youtube.com\/channel\/UCYppekzzE4vmUeLhl8w48IQ?view_as=subscriber"]}]}},"_links":{"self":[{"href":"https:\/\/masquecontable.com\/en\/wp-json\/wp\/v2\/product\/1582","targetHints":{"allow":["GET"]}}],"collection":[{"href":"https:\/\/masquecontable.com\/en\/wp-json\/wp\/v2\/product"}],"about":[{"href":"https:\/\/masquecontable.com\/en\/wp-json\/wp\/v2\/types\/product"}],"replies":[{"embeddable":true,"href":"https:\/\/masquecontable.com\/en\/wp-json\/wp\/v2\/comments?post=1582"}],"wp:featuredmedia":[{"embeddable":true,"href":"https:\/\/masquecontable.com\/en\/wp-json\/wp\/v2\/media\/1041"}],"wp:attachment":[{"href":"https:\/\/masquecontable.com\/en\/wp-json\/wp\/v2\/media?parent=1582"}],"wp:term":[{"taxonomy":"product_brand","embeddable":true,"href":"https:\/\/masquecontable.com\/en\/wp-json\/wp\/v2\/product_brand?post=1582"},{"taxonomy":"product_cat","embeddable":true,"href":"https:\/\/masquecontable.com\/en\/wp-json\/wp\/v2\/product_cat?post=1582"},{"taxonomy":"product_tag","embeddable":true,"href":"https:\/\/masquecontable.com\/en\/wp-json\/wp\/v2\/product_tag?post=1582"}],"curies":[{"name":"wp","href":"https:\/\/api.w.org\/{rel}","templated":true}]}}