{"id":1514,"date":"2024-02-02T22:17:17","date_gmt":"2024-02-03T01:17:17","guid":{"rendered":"https:\/\/masquecontable.com\/?post_type=product&#038;p=1514"},"modified":"2026-03-16T17:18:13","modified_gmt":"2026-03-16T20:18:13","slug":"alta-de-monotributo","status":"publish","type":"product","link":"https:\/\/masquecontable.com\/en\/product\/alta-de-monotributo\/","title":{"rendered":"Alta de Monotributo"},"content":{"rendered":"<p>Nos encargamos de todos los tr\u00e1mites necesarios, desde la inscripci\u00f3n hasta la obtenci\u00f3n de tu CUIT, para que puedas empezar tu negocio de manera r\u00e1pida y eficiente.<br \/>\nAdem\u00e1s, te proporcionamos asesoramiento y orientaci\u00f3n personalizada durante todo el proceso.<\/p>\n<p>Deja la burocracia en nuestras manos y comenz\u00e1 tu aventura emprendedora de la manera m\u00e1s sencilla y exitosa.\u00a0<strong>Tu sue\u00f1o de negocio, a un paso de hacerse realidad.<\/strong><\/p>\n<p><strong>Solo ten\u00e9s que tener clave fiscal de AFIP\u00a0<\/strong><\/p>\n<p><i>(si no la ten\u00e9s, pod\u00e9s gestionarla desde la App mi AFIP)<\/i><\/p>","protected":false},"excerpt":{"rendered":"<p>Deja la burocracia en nuestras manos y comenz\u00e1 tu aventura emprendedora de la manera m\u00e1s sencilla y exitosa.\u00a0<strong>Tu sue\u00f1o de negocio, a un paso de hacerse realidad.<\/strong><\/p>\n<p><em><b>Abonada la gesti\u00f3n del tr\u00e1mite, te lleger\u00e1 por mail el formulario a completar con la informaci\u00f3n que necesitamos.\u00a0<\/b><\/em><\/p>","protected":false},"featured_media":879,"comment_status":"closed","ping_status":"closed","template":"","meta":[],"product_brand":[],"product_cat":[36],"product_tag":[],"class_list":{"0":"post-1514","1":"product","2":"type-product","3":"status-publish","4":"has-post-thumbnail","6":"product_cat-sin-categorizar","8":"first","9":"instock","10":"downloadable","11":"virtual","12":"taxable","13":"purchasable","14":"product-type-simple"},"yoast_head":"<!-- This site is optimized with the Yoast SEO plugin v27.4 - https:\/\/yoast.com\/product\/yoast-seo-wordpress\/ -->\n<title>Alta de Monotributo - M\u00e1s que Contable<\/title>\n<meta name=\"robots\" content=\"index, follow, max-snippet:-1, max-image-preview:large, max-video-preview:-1\" \/>\n<link rel=\"canonical\" href=\"https:\/\/masquecontable.com\/en\/producto\/alta-de-monotributo\/\" \/>\n<meta property=\"og:locale\" content=\"en_US\" \/>\n<meta property=\"og:type\" content=\"article\" \/>\n<meta property=\"og:title\" content=\"Alta de Monotributo - M\u00e1s que Contable\" \/>\n<meta property=\"og:description\" content=\"Deja la burocracia en nuestras manos y comenz\u00e1 tu aventura emprendedora de la manera m\u00e1s sencilla y exitosa.\u00a0Tu sue\u00f1o de negocio, a un paso de hacerse realidad.  Abonada la gesti\u00f3n del tr\u00e1mite, te lleger\u00e1 por mail el formulario a completar con la informaci\u00f3n que necesitamos.\u00a0\" \/>\n<meta property=\"og:url\" content=\"https:\/\/masquecontable.com\/en\/producto\/alta-de-monotributo\/\" \/>\n<meta property=\"og:site_name\" content=\"M\u00e1s que Contable\" \/>\n<meta property=\"article:publisher\" content=\"https:\/\/www.facebook.com\/masquecontable\/\" \/>\n<meta property=\"article:modified_time\" content=\"2026-03-16T20:18:13+00:00\" \/>\n<meta property=\"og:image\" content=\"https:\/\/masquecontable.com\/wp-content\/uploads\/2023\/10\/ideas-mas-que-sencillas-para-organizar-tu-escritorio-tras-la-vuelta-de-vacaciones.jpg\" \/>\n\t<meta property=\"og:image:width\" content=\"640\" \/>\n\t<meta property=\"og:image:height\" content=\"322\" \/>\n\t<meta property=\"og:image:type\" content=\"image\/jpeg\" \/>\n<meta name=\"twitter:card\" content=\"summary_large_image\" \/>\n<meta name=\"twitter:label1\" content=\"Est. reading time\" \/>\n\t<meta name=\"twitter:data1\" content=\"1 minute\" \/>\n<script type=\"application\/ld+json\" class=\"yoast-schema-graph\">{\"@context\":\"https:\\\/\\\/schema.org\",\"@graph\":[{\"@type\":\"WebPage\",\"@id\":\"https:\\\/\\\/masquecontable.com\\\/producto\\\/alta-de-monotributo\\\/\",\"url\":\"https:\\\/\\\/masquecontable.com\\\/producto\\\/alta-de-monotributo\\\/\",\"name\":\"Alta de Monotributo - M\u00e1s que Contable\",\"isPartOf\":{\"@id\":\"https:\\\/\\\/masquecontable.com\\\/#website\"},\"primaryImageOfPage\":{\"@id\":\"https:\\\/\\\/masquecontable.com\\\/producto\\\/alta-de-monotributo\\\/#primaryimage\"},\"image\":{\"@id\":\"https:\\\/\\\/masquecontable.com\\\/producto\\\/alta-de-monotributo\\\/#primaryimage\"},\"thumbnailUrl\":\"https:\\\/\\\/masquecontable.com\\\/wp-content\\\/uploads\\\/2023\\\/10\\\/ideas-mas-que-sencillas-para-organizar-tu-escritorio-tras-la-vuelta-de-vacaciones.jpg\",\"datePublished\":\"2024-02-03T01:17:17+00:00\",\"dateModified\":\"2026-03-16T20:18:13+00:00\",\"breadcrumb\":{\"@id\":\"https:\\\/\\\/masquecontable.com\\\/producto\\\/alta-de-monotributo\\\/#breadcrumb\"},\"inLanguage\":\"en-US\",\"potentialAction\":[{\"@type\":\"ReadAction\",\"target\":[\"https:\\\/\\\/masquecontable.com\\\/producto\\\/alta-de-monotributo\\\/\"]}]},{\"@type\":\"ImageObject\",\"inLanguage\":\"en-US\",\"@id\":\"https:\\\/\\\/masquecontable.com\\\/producto\\\/alta-de-monotributo\\\/#primaryimage\",\"url\":\"https:\\\/\\\/masquecontable.com\\\/wp-content\\\/uploads\\\/2023\\\/10\\\/ideas-mas-que-sencillas-para-organizar-tu-escritorio-tras-la-vuelta-de-vacaciones.jpg\",\"contentUrl\":\"https:\\\/\\\/masquecontable.com\\\/wp-content\\\/uploads\\\/2023\\\/10\\\/ideas-mas-que-sencillas-para-organizar-tu-escritorio-tras-la-vuelta-de-vacaciones.jpg\",\"width\":640,\"height\":322},{\"@type\":\"BreadcrumbList\",\"@id\":\"https:\\\/\\\/masquecontable.com\\\/producto\\\/alta-de-monotributo\\\/#breadcrumb\",\"itemListElement\":[{\"@type\":\"ListItem\",\"position\":1,\"name\":\"Inicio\",\"item\":\"https:\\\/\\\/masquecontable.com\\\/\"},{\"@type\":\"ListItem\",\"position\":2,\"name\":\"Contratar\",\"item\":\"https:\\\/\\\/masquecontable.com\\\/contratar\\\/\"},{\"@type\":\"ListItem\",\"position\":3,\"name\":\"Alta de Monotributo\"}]},{\"@type\":\"WebSite\",\"@id\":\"https:\\\/\\\/masquecontable.com\\\/#website\",\"url\":\"https:\\\/\\\/masquecontable.com\\\/\",\"name\":\"M\u00e1s que Contable\",\"description\":\"Contadora de emprendedores\",\"publisher\":{\"@id\":\"https:\\\/\\\/masquecontable.com\\\/#organization\"},\"potentialAction\":[{\"@type\":\"SearchAction\",\"target\":{\"@type\":\"EntryPoint\",\"urlTemplate\":\"https:\\\/\\\/masquecontable.com\\\/?s={search_term_string}\"},\"query-input\":{\"@type\":\"PropertyValueSpecification\",\"valueRequired\":true,\"valueName\":\"search_term_string\"}}],\"inLanguage\":\"en-US\"},{\"@type\":\"Organization\",\"@id\":\"https:\\\/\\\/masquecontable.com\\\/#organization\",\"name\":\"M\u00e1s que Contable\",\"url\":\"https:\\\/\\\/masquecontable.com\\\/\",\"logo\":{\"@type\":\"ImageObject\",\"inLanguage\":\"en-US\",\"@id\":\"https:\\\/\\\/masquecontable.com\\\/#\\\/schema\\\/logo\\\/image\\\/\",\"url\":\"https:\\\/\\\/i0.wp.com\\\/masquecontable.com\\\/wp-content\\\/uploads\\\/2020\\\/03\\\/03-MARCA-FONDO-BLANCO.jpg?fit=887%2C887&ssl=1\",\"contentUrl\":\"https:\\\/\\\/i0.wp.com\\\/masquecontable.com\\\/wp-content\\\/uploads\\\/2020\\\/03\\\/03-MARCA-FONDO-BLANCO.jpg?fit=887%2C887&ssl=1\",\"width\":887,\"height\":887,\"caption\":\"M\u00e1s que Contable\"},\"image\":{\"@id\":\"https:\\\/\\\/masquecontable.com\\\/#\\\/schema\\\/logo\\\/image\\\/\"},\"sameAs\":[\"https:\\\/\\\/www.facebook.com\\\/masquecontable\\\/\",\"https:\\\/\\\/www.instagram.com\\\/masquecontable\\\/\",\"https:\\\/\\\/www.linkedin.com\\\/in\\\/coriamicaelaailin\\\/\",\"https:\\\/\\\/www.youtube.com\\\/channel\\\/UCYppekzzE4vmUeLhl8w48IQ?view_as=subscriber\"]}]}<\/script>\n<!-- \/ Yoast SEO plugin. -->","yoast_head_json":{"title":"Alta de Monotributo - M\u00e1s que Contable","robots":{"index":"index","follow":"follow","max-snippet":"max-snippet:-1","max-image-preview":"max-image-preview:large","max-video-preview":"max-video-preview:-1"},"canonical":"https:\/\/masquecontable.com\/en\/producto\/alta-de-monotributo\/","og_locale":"en_US","og_type":"article","og_title":"Alta de Monotributo - M\u00e1s que Contable","og_description":"Deja la burocracia en nuestras manos y comenz\u00e1 tu aventura emprendedora de la manera m\u00e1s sencilla y exitosa.\u00a0Tu sue\u00f1o de negocio, a un paso de hacerse realidad.  Abonada la gesti\u00f3n del tr\u00e1mite, te lleger\u00e1 por mail el formulario a completar con la informaci\u00f3n que necesitamos.\u00a0","og_url":"https:\/\/masquecontable.com\/en\/producto\/alta-de-monotributo\/","og_site_name":"M\u00e1s que Contable","article_publisher":"https:\/\/www.facebook.com\/masquecontable\/","article_modified_time":"2026-03-16T20:18:13+00:00","og_image":[{"width":640,"height":322,"url":"https:\/\/masquecontable.com\/wp-content\/uploads\/2023\/10\/ideas-mas-que-sencillas-para-organizar-tu-escritorio-tras-la-vuelta-de-vacaciones.jpg","type":"image\/jpeg"}],"twitter_card":"summary_large_image","twitter_misc":{"Est. reading time":"1 minute"},"schema":{"@context":"https:\/\/schema.org","@graph":[{"@type":"WebPage","@id":"https:\/\/masquecontable.com\/producto\/alta-de-monotributo\/","url":"https:\/\/masquecontable.com\/producto\/alta-de-monotributo\/","name":"Alta de Monotributo - M\u00e1s que Contable","isPartOf":{"@id":"https:\/\/masquecontable.com\/#website"},"primaryImageOfPage":{"@id":"https:\/\/masquecontable.com\/producto\/alta-de-monotributo\/#primaryimage"},"image":{"@id":"https:\/\/masquecontable.com\/producto\/alta-de-monotributo\/#primaryimage"},"thumbnailUrl":"https:\/\/masquecontable.com\/wp-content\/uploads\/2023\/10\/ideas-mas-que-sencillas-para-organizar-tu-escritorio-tras-la-vuelta-de-vacaciones.jpg","datePublished":"2024-02-03T01:17:17+00:00","dateModified":"2026-03-16T20:18:13+00:00","breadcrumb":{"@id":"https:\/\/masquecontable.com\/producto\/alta-de-monotributo\/#breadcrumb"},"inLanguage":"en-US","potentialAction":[{"@type":"ReadAction","target":["https:\/\/masquecontable.com\/producto\/alta-de-monotributo\/"]}]},{"@type":"ImageObject","inLanguage":"en-US","@id":"https:\/\/masquecontable.com\/producto\/alta-de-monotributo\/#primaryimage","url":"https:\/\/masquecontable.com\/wp-content\/uploads\/2023\/10\/ideas-mas-que-sencillas-para-organizar-tu-escritorio-tras-la-vuelta-de-vacaciones.jpg","contentUrl":"https:\/\/masquecontable.com\/wp-content\/uploads\/2023\/10\/ideas-mas-que-sencillas-para-organizar-tu-escritorio-tras-la-vuelta-de-vacaciones.jpg","width":640,"height":322},{"@type":"BreadcrumbList","@id":"https:\/\/masquecontable.com\/producto\/alta-de-monotributo\/#breadcrumb","itemListElement":[{"@type":"ListItem","position":1,"name":"Inicio","item":"https:\/\/masquecontable.com\/"},{"@type":"ListItem","position":2,"name":"Contratar","item":"https:\/\/masquecontable.com\/contratar\/"},{"@type":"ListItem","position":3,"name":"Alta de Monotributo"}]},{"@type":"WebSite","@id":"https:\/\/masquecontable.com\/#website","url":"https:\/\/masquecontable.com\/","name":"M\u00e1s que Contable","description":"Contadora de emprendedores","publisher":{"@id":"https:\/\/masquecontable.com\/#organization"},"potentialAction":[{"@type":"SearchAction","target":{"@type":"EntryPoint","urlTemplate":"https:\/\/masquecontable.com\/?s={search_term_string}"},"query-input":{"@type":"PropertyValueSpecification","valueRequired":true,"valueName":"search_term_string"}}],"inLanguage":"en-US"},{"@type":"Organization","@id":"https:\/\/masquecontable.com\/#organization","name":"M\u00e1s que Contable","url":"https:\/\/masquecontable.com\/","logo":{"@type":"ImageObject","inLanguage":"en-US","@id":"https:\/\/masquecontable.com\/#\/schema\/logo\/image\/","url":"https:\/\/i0.wp.com\/masquecontable.com\/wp-content\/uploads\/2020\/03\/03-MARCA-FONDO-BLANCO.jpg?fit=887%2C887&ssl=1","contentUrl":"https:\/\/i0.wp.com\/masquecontable.com\/wp-content\/uploads\/2020\/03\/03-MARCA-FONDO-BLANCO.jpg?fit=887%2C887&ssl=1","width":887,"height":887,"caption":"M\u00e1s que Contable"},"image":{"@id":"https:\/\/masquecontable.com\/#\/schema\/logo\/image\/"},"sameAs":["https:\/\/www.facebook.com\/masquecontable\/","https:\/\/www.instagram.com\/masquecontable\/","https:\/\/www.linkedin.com\/in\/coriamicaelaailin\/","https:\/\/www.youtube.com\/channel\/UCYppekzzE4vmUeLhl8w48IQ?view_as=subscriber"]}]}},"_links":{"self":[{"href":"https:\/\/masquecontable.com\/en\/wp-json\/wp\/v2\/product\/1514","targetHints":{"allow":["GET"]}}],"collection":[{"href":"https:\/\/masquecontable.com\/en\/wp-json\/wp\/v2\/product"}],"about":[{"href":"https:\/\/masquecontable.com\/en\/wp-json\/wp\/v2\/types\/product"}],"replies":[{"embeddable":true,"href":"https:\/\/masquecontable.com\/en\/wp-json\/wp\/v2\/comments?post=1514"}],"wp:featuredmedia":[{"embeddable":true,"href":"https:\/\/masquecontable.com\/en\/wp-json\/wp\/v2\/media\/879"}],"wp:attachment":[{"href":"https:\/\/masquecontable.com\/en\/wp-json\/wp\/v2\/media?parent=1514"}],"wp:term":[{"taxonomy":"product_brand","embeddable":true,"href":"https:\/\/masquecontable.com\/en\/wp-json\/wp\/v2\/product_brand?post=1514"},{"taxonomy":"product_cat","embeddable":true,"href":"https:\/\/masquecontable.com\/en\/wp-json\/wp\/v2\/product_cat?post=1514"},{"taxonomy":"product_tag","embeddable":true,"href":"https:\/\/masquecontable.com\/en\/wp-json\/wp\/v2\/product_tag?post=1514"}],"curies":[{"name":"wp","href":"https:\/\/api.w.org\/{rel}","templated":true}]}}